{"id":498,"date":"2024-09-20T21:11:21","date_gmt":"2024-09-20T21:11:21","guid":{"rendered":"https:\/\/mianlesax.com\/?post_type=product&#038;p=498"},"modified":"2025-04-12T16:31:17","modified_gmt":"2025-04-12T16:31:17","slug":"infinito-estrella-duo","status":"publish","type":"product","link":"https:\/\/mianlesax.com\/index.php\/producto\/infinito-estrella-duo\/","title":{"rendered":"BOQUILLA INFINITO &#038; ESTRELLA D\u00daO"},"content":{"rendered":"<p>\u25c7 INFINITO &amp; ESTRELLA D\u00daO<\/p>\n<p>INCLUYE :<\/p>\n<p>\u2022 2 (Dos) Boquillas a elecci\u00f3n combinables entre Saxof\u00f3n Tenor , Alto y Soprano.<br \/>\nDisponible en abertura #5 \/ #6 \/ #7 \/ #8 \/ #9 \/ #10<\/p>\n<p>* 3 (Tres) Modelos diferentes de abrazaderas a elecci\u00f3n por cada boquilla.<br \/>\n\u25cb Abrazadera Met\u00e1lica con base en dos Rieles y ajuste superior de un punto.<br \/>\nAcabado a elecci\u00f3n : Plateado o Negro microtexturado.<br \/>\n\u25cb Abrazadera Met\u00e1lica con base triangular y ajuste superior de un punto.<br \/>\nAcabado a elecci\u00f3n : Plateado o Negro micro texturado.<br \/>\n\u25cb Abrazadera de puro cuero seleccionado remachado y herrajes en acero o bronce.<br \/>\nConsultar por colores de cueros disponibles.<\/p>\n<p>* 2 (Dos) Cubre boquillas flexibles auto-ajustables con punta y logotipo retroluminicsente.<br \/>\nColores disponibles : Negro , Azul , Rojo , Verde , Azul Cobalto , Violeta y Plateado.<\/p>\n<p>* 2 (Dos) Fundas de Pana.<br \/>\nColores disponibles a elecci\u00f3n , Negro , Rojo , Violeta , Marr\u00f3n claro y Verde.<\/p>\n<p>* 2 (Dos) Blister \u00d7 6 unidades de protectores para boquilla combinados , modelo GOTA o Rectangular.<\/p>\n<p>* 4 (Cuatro) Ca\u00f1as Gonzalez con dureza a elecci\u00f3n.<\/p>\n<p>* 1 (uno) Llavero de Tela.<\/p>\n<p>* 1 (una) Caja de madera con tapa deslizante.<\/p>\n","protected":false},"excerpt":{"rendered":"<p>El <em>INFINITO &amp; ESTRELLA D\u00daO<\/em> es un set de accesorios para saxof\u00f3n que incluye dos boquillas a elecci\u00f3n (tenor, alto o soprano) en diferentes aberturas (#5 a #10). Adem\u00e1s, ofrece tres modelos de abrazaderas met\u00e1licas o de cuero, dos cubreboquillas flexibles en diversos colores, dos fundas de pana, protectores de boquilla en dos estilos, cuatro ca\u00f1as de dureza a elecci\u00f3n, un llavero de tela y una elegante caja de madera con tapa deslizante. Todo est\u00e1 dise\u00f1ado para brindar versatilidad y personalizaci\u00f3n tanto en estilo como en funcionalidad.<\/p>\n","protected":false},"featured_media":511,"comment_status":"open","ping_status":"closed","template":"","meta":{"om_disable_all_campaigns":false,"_monsterinsights_skip_tracking":false,"_monsterinsights_sitenote_active":false,"_monsterinsights_sitenote_note":"","_monsterinsights_sitenote_category":0,"site-sidebar-layout":"default","site-content-layout":"default","ast-main-header-display":"","ast-hfb-above-header-display":"","ast-hfb-below-header-display":"","ast-hfb-mobile-header-display":"","site-post-title":"","ast-breadcrumbs-content":"","ast-featured-img":"","footer-sml-layout":"","theme-transparent-header-meta":"default","adv-header-id-meta":"","stick-header-meta":"","header-above-stick-meta":"","header-main-stick-meta":"","header-below-stick-meta":""},"product_cat":[15,18],"product_tag":[],"aioseo_notices":[],"_links":{"self":[{"href":"https:\/\/mianlesax.com\/index.php\/wp-json\/wp\/v2\/product\/498"}],"collection":[{"href":"https:\/\/mianlesax.com\/index.php\/wp-json\/wp\/v2\/product"}],"about":[{"href":"https:\/\/mianlesax.com\/index.php\/wp-json\/wp\/v2\/types\/product"}],"replies":[{"embeddable":true,"href":"https:\/\/mianlesax.com\/index.php\/wp-json\/wp\/v2\/comments?post=498"}],"wp:featuredmedia":[{"embeddable":true,"href":"https:\/\/mianlesax.com\/index.php\/wp-json\/wp\/v2\/media\/511"}],"wp:attachment":[{"href":"https:\/\/mianlesax.com\/index.php\/wp-json\/wp\/v2\/media?parent=498"}],"wp:term":[{"taxonomy":"product_cat","embeddable":true,"href":"https:\/\/mianlesax.com\/index.php\/wp-json\/wp\/v2\/product_cat?post=498"},{"taxonomy":"product_tag","embeddable":true,"href":"https:\/\/mianlesax.com\/index.php\/wp-json\/wp\/v2\/product_tag?post=498"}],"curies":[{"name":"wp","href":"https:\/\/api.w.org\/{rel}","templated":true}]}}