{"id":405,"date":"2023-03-22T13:08:28","date_gmt":"2023-03-22T13:08:28","guid":{"rendered":"https:\/\/mianlesax.com\/?post_type=product&#038;p=405"},"modified":"2023-03-22T13:15:36","modified_gmt":"2023-03-22T13:15:36","slug":"protege-protector-de-boquilla-ms-rectangular-1-pack-x-6-unidades-azul","status":"publish","type":"product","link":"https:\/\/mianlesax.com\/index.php\/producto\/protege-protector-de-boquilla-ms-rectangular-1-pack-x-6-unidades-azul\/","title":{"rendered":"Protege \/ Protector De Boquilla Ms Rectangular- 1 Pack X 6 Unidades. Azul"},"content":{"rendered":"<p>\u25c7Protectores autoadhesivos MS de Mianl\u00e9 Sax.<br \/>\n\u2022 \u00danicos en su gran<br \/>\nVariedad de colores.<br \/>\n\u2022 Dise\u00f1o de contorno en terminaci\u00f3n curva el cual proporciona una notable comodidad y confort al momento de su utilizaci\u00f3n.<\/p>\n<p>\u2022Se adapta a diferentes formatos de boquillas. Clarinete : Bb , Eb , Bajo. Saxof\u00f3n : Bar\u00edtono Tenor , Alto y Soprano en formato pasta y metal.<\/p>\n<p>* INCLUYE :<br \/>\n\u2022 Un Pack (blister) x 6 unidades de protectores autoadhesivos ergon\u00f3micos :<br \/>\nMedidas de espesor en milimetros =<br \/>\n(0,1^0,5^0,1) (0.1^0,8^0,1)<br \/>\n\u2022 Doble proteccion aislante para la higiene como sello de seguridad + bolsa Zipper.<\/p>\n<p>* La importancia de utilizar protectores MS en tu boquilla&#8230;..<\/p>\n<p>\u2022 Estabilidad en la embocadura al momento de su ejecuci\u00f3n.<\/p>\n<p>\u2022 Protege al diente superior aislando la vibraci\u00f3n generada.<\/p>\n<p>\u2022 Protege al bafle externo de la boquilla, y evita futuras rayas o deformaci\u00f3nes que se pueden llegar a ocasionar por la falta de su utilizaci\u00f3n.<\/p>\n","protected":false},"excerpt":{"rendered":"<p>\u25c7Protectores autoadhesivos MS de Mianl\u00e9 Sax.<br \/>\n\u2022 \u00danicos en su gran<br \/>\nVariedad de colores.<br \/>\n\u2022 Dise\u00f1o de contorno en terminaci\u00f3n curva el cual proporciona una notable comodidad y confort al momento de su utilizaci\u00f3n.<\/p>\n","protected":false},"featured_media":408,"comment_status":"open","ping_status":"closed","template":"","meta":{"om_disable_all_campaigns":false,"_monsterinsights_skip_tracking":false,"_monsterinsights_sitenote_active":false,"_monsterinsights_sitenote_note":"","_monsterinsights_sitenote_category":0,"site-sidebar-layout":"default","site-content-layout":"default","ast-main-header-display":"","ast-hfb-above-header-display":"","ast-hfb-below-header-display":"","ast-hfb-mobile-header-display":"","site-post-title":"","ast-breadcrumbs-content":"","ast-featured-img":"","footer-sml-layout":"","theme-transparent-header-meta":"default","adv-header-id-meta":"","stick-header-meta":"","header-above-stick-meta":"","header-main-stick-meta":"","header-below-stick-meta":""},"product_cat":[30],"product_tag":[],"aioseo_notices":[],"_links":{"self":[{"href":"https:\/\/mianlesax.com\/index.php\/wp-json\/wp\/v2\/product\/405"}],"collection":[{"href":"https:\/\/mianlesax.com\/index.php\/wp-json\/wp\/v2\/product"}],"about":[{"href":"https:\/\/mianlesax.com\/index.php\/wp-json\/wp\/v2\/types\/product"}],"replies":[{"embeddable":true,"href":"https:\/\/mianlesax.com\/index.php\/wp-json\/wp\/v2\/comments?post=405"}],"wp:featuredmedia":[{"embeddable":true,"href":"https:\/\/mianlesax.com\/index.php\/wp-json\/wp\/v2\/media\/408"}],"wp:attachment":[{"href":"https:\/\/mianlesax.com\/index.php\/wp-json\/wp\/v2\/media?parent=405"}],"wp:term":[{"taxonomy":"product_cat","embeddable":true,"href":"https:\/\/mianlesax.com\/index.php\/wp-json\/wp\/v2\/product_cat?post=405"},{"taxonomy":"product_tag","embeddable":true,"href":"https:\/\/mianlesax.com\/index.php\/wp-json\/wp\/v2\/product_tag?post=405"}],"curies":[{"name":"wp","href":"https:\/\/api.w.org\/{rel}","templated":true}]}}