{"id":340,"date":"2022-08-16T15:15:53","date_gmt":"2022-08-16T15:15:53","guid":{"rendered":"https:\/\/mianlesax.com\/?post_type=product&#038;p=340"},"modified":"2025-05-04T19:42:36","modified_gmt":"2025-05-04T19:42:36","slug":"boquilla-ms-modelo-infinito-2-abrazaderas-disponible-para-saxofon-alto","status":"publish","type":"product","link":"https:\/\/mianlesax.com\/index.php\/producto\/boquilla-ms-modelo-infinito-2-abrazaderas-disponible-para-saxofon-alto\/","title":{"rendered":"Boquilla MS modelo Infinito 3 abrazaderas disponible para Saxof\u00f3n Alto y tenor"},"content":{"rendered":"<p>Boquilla modelo INFINITO<br \/>\nDisponible para Saxof\u00f3n Alto y Tenor en su presentaci\u00f3n Premium 3 (Tres) Abrazaderas mas accesorios&#8230;<\/p>\n<p>INCLUYE :<\/p>\n<p>* Boquilla Met\u00e1lica de puro Bronce con terminaci\u00f3n Vintage.<\/p>\n<p>* Bafle externo estilo Americano.<\/p>\n<p>* Bafle interno con doble c\u00e1mara Balanceada , angular escalonada.<\/p>\n<p>* Abertura a elecci\u00f3n.<\/p>\n<p>* 1 (una) Abrazadera met\u00e1lica con ajuste superior de un punto con base en dos rieles.<\/p>\n<p>* 1 (Una) Abrazadera de puro cuero seleccionado con ajustes superior e inferior de un punto, remachado y herrajes en Bronce o Acero.<\/p>\n<p>* 1 (Una) Abrazadera metalica con a juste superior de un punto y base triangular.<\/p>\n<p>* 1 (uno) Cubre boquilla Flexible Auto-ajustable con punta y logotipo del modelo retroluminicsente, color a elecci\u00f3n.<\/p>\n<p>* 1 (una) Funda de pana con clave de Sol estampada y logo de la marca.<\/p>\n<p>* 1 (uno) Estuche de madera con tapa deslizante con interior de goma espuma.<\/p>\n<p>* 7 (Siete) protectores para boquilla, Modelo GOTA o Rectangular a elecci\u00f3n.<\/p>\n<p>* 2 (Dos) Ca\u00f1as Gonzalez , dureza a elecci\u00f3n.<\/p>\n<p>* 1 (uno) Llavero de la marca.<\/p>\n<p>* Aberturas disponibles para Saxof\u00f3n Alto :<br \/>\n# 5 = 0.065 \/ 1,65 mm<br \/>\n# 6 = 0.075 \/ 1,91 mm<br \/>\n# 7 = 0.085 \/ 2,16 mm<br \/>\n# 8 = 0.095 \/ 2,41 mm<br \/>\n# 9 = 0.105 \/ 2,67 mm<\/p>\n<p>* Aberturas disponibles para Saxof\u00f3n Tenor :<br \/>\n#5 0.080&#8243; \/ 2,03 mm<br \/>\n#6 0.090&#8243; \/ 2,29 mm<br \/>\n#7 0.100&#8243; \/ 2,54 mm<br \/>\n#8 0.110&#8243; \/ 2,79 mm<br \/>\n#9 0.120&#8243; \/ 3,05 mm<\/p>\n","protected":false},"excerpt":{"rendered":"<p>Boquilla modelo INFINITO Disponible para Saxof\u00f3n Alto y Tenor en su presentaci\u00f3n Premium 3 (Tres) Abrazaderas mas accesorios&#8230; INCLUYE : * Boquilla Met\u00e1lica de puro Bronce con terminaci\u00f3n Vintage. * Bafle externo estilo Americano. * Bafle interno con doble c\u00e1mara Balanceada , angular escalonada. * Abertura a elecci\u00f3n. * 1 (una) Abrazadera met\u00e1lica con ajuste &hellip;<\/p>\n<p class=\"read-more\"> <a class=\"\" href=\"https:\/\/mianlesax.com\/index.php\/producto\/boquilla-ms-modelo-infinito-2-abrazaderas-disponible-para-saxofon-alto\/\"> <span class=\"screen-reader-text\">Boquilla MS modelo Infinito 3 abrazaderas disponible para Saxof\u00f3n Alto y tenor<\/span> Leer m\u00e1s &raquo;<\/a><\/p>\n","protected":false},"featured_media":605,"comment_status":"open","ping_status":"closed","template":"","meta":{"om_disable_all_campaigns":false,"_monsterinsights_skip_tracking":false,"_monsterinsights_sitenote_active":false,"_monsterinsights_sitenote_note":"","_monsterinsights_sitenote_category":0,"site-sidebar-layout":"default","site-content-layout":"default","ast-main-header-display":"","ast-hfb-above-header-display":"","ast-hfb-below-header-display":"","ast-hfb-mobile-header-display":"","site-post-title":"","ast-breadcrumbs-content":"","ast-featured-img":"","footer-sml-layout":"","theme-transparent-header-meta":"default","adv-header-id-meta":"","stick-header-meta":"","header-above-stick-meta":"","header-main-stick-meta":"","header-below-stick-meta":""},"product_cat":[18],"product_tag":[],"aioseo_notices":[],"_links":{"self":[{"href":"https:\/\/mianlesax.com\/index.php\/wp-json\/wp\/v2\/product\/340"}],"collection":[{"href":"https:\/\/mianlesax.com\/index.php\/wp-json\/wp\/v2\/product"}],"about":[{"href":"https:\/\/mianlesax.com\/index.php\/wp-json\/wp\/v2\/types\/product"}],"replies":[{"embeddable":true,"href":"https:\/\/mianlesax.com\/index.php\/wp-json\/wp\/v2\/comments?post=340"}],"wp:featuredmedia":[{"embeddable":true,"href":"https:\/\/mianlesax.com\/index.php\/wp-json\/wp\/v2\/media\/605"}],"wp:attachment":[{"href":"https:\/\/mianlesax.com\/index.php\/wp-json\/wp\/v2\/media?parent=340"}],"wp:term":[{"taxonomy":"product_cat","embeddable":true,"href":"https:\/\/mianlesax.com\/index.php\/wp-json\/wp\/v2\/product_cat?post=340"},{"taxonomy":"product_tag","embeddable":true,"href":"https:\/\/mianlesax.com\/index.php\/wp-json\/wp\/v2\/product_tag?post=340"}],"curies":[{"name":"wp","href":"https:\/\/api.w.org\/{rel}","templated":true}]}}