{"id":191,"date":"2022-02-10T18:50:19","date_gmt":"2022-02-10T18:50:19","guid":{"rendered":"https:\/\/mianlesax.com\/?post_type=product&#038;p=191"},"modified":"2025-09-24T02:02:11","modified_gmt":"2025-09-24T02:02:11","slug":"boquilla-ms-modelo-naturaleza-disponible-para-saxofon","status":"publish","type":"product","link":"https:\/\/mianlesax.com\/index.php\/producto\/boquilla-ms-modelo-naturaleza-disponible-para-saxofon\/","title":{"rendered":"Boquilla MS modelo Naturaleza disponible para Saxof\u00f3n Tenor"},"content":{"rendered":"<p>\u2022 Boquilla modelo NATURALEZA. materia prima seleccionada correspondiente a la madera , Guayac\u00e1n. Una destacable combinaci\u00f3n, donde la naturaleza, dise\u00f1o y fabricaci\u00f3n, se unen para lograr una boquilla excepcional ,con el fin de ofrecer grandes resultados para el desarrollo de los Saxofonistas. La excelencia en sonido, espontaneidad, brillo , calidez , versatilidad y comodidad en su ejecuci\u00f3n son las caracter\u00edsticas que definen al modelo NATURALEZA.<\/p>\n<p>\u2022 Disponible para Saxof\u00f3n , Bar\u00edtono \/ Tenor \/ Alto y Soprano.<br \/>\n\u2022 Bafle externo, estilo Americano.<br \/>\n\u2022 Doble c\u00e1mara, angular y tubular c\u00f3nica.<br \/>\n\u2022Aberturas disponibles para Saxof\u00f3n Tenor :<br \/>\n# 5 = 0.080 \u00bb \/ 2,03 mm<br \/>\n# 6 = 0.090 \u00bb \/ 2,29 mm<br \/>\n# 7 = 0.100 \u00bb \/ 2,54 mm<br \/>\n# 8 = 0.110 \u00bb \/ 2,79 mm<br \/>\n# 9 = 0.120 \u00bb \/ 3.05 mm<br \/>\n# 10 = 130 \u00bb \/ 3,30 mm<br \/>\n\u2022 Abrazadera met\u00e1lica en cromo mate con ajuste inferior de un punto.<br \/>\n\u2022Abrazadera de puro cuero Vacuno seleccionado y remachado , herrajes en bronce con ajuste superior de un punto.<br \/>\n\u2022 Elecci\u00f3n de abrazaderas opcional.<br \/>\n\u2022 Cubre boquilla auto-ajustable de dise\u00f1o y funcionalidad innovadora.<br \/>\n\u2022 Funda de pana con clave de sol estampada.<br \/>\n\u2022 Caja de madera con tapa deslizante e interior de goma espuma.<\/p>\n","protected":false},"excerpt":{"rendered":"<p style=\"text-align: left;\">\u2022Boquilla modelo Naturaleza disponible para Saxof\u00f3n Tenor.<br \/>\n\u2022Buje en cromo mate. \u2022C\u00e1mara media (bafle interno) angular y tubular c\u00f3nica, doble c\u00e1mara.<br \/>\n\u2022Bafle externo Americano.<\/p>\n<p>\u2022Aberturas disponibles para Saxof\u00f3n Tenor<br \/>\n#\u00a05 = 0.080 \u00bb \/ 2,03 mm<br \/>\n# 6 = 0.090 \u00bb \/ 2,29 mm<br \/>\n# 7 = 0.100 \u00bb \/ 2,54 mm<br \/>\n# 8 = 0.110 \u00bb \/ 2,79 mm<br \/>\n# 9 = 0.120 \u00bb \/ 3.05 mm<br \/>\n# 10 = 130 \u00bb \/ 3,30 mm<\/p>\n","protected":false},"featured_media":201,"comment_status":"open","ping_status":"closed","template":"","meta":{"om_disable_all_campaigns":false,"_monsterinsights_skip_tracking":false,"_monsterinsights_sitenote_active":false,"_monsterinsights_sitenote_note":"","_monsterinsights_sitenote_category":0,"site-sidebar-layout":"default","site-content-layout":"default","ast-main-header-display":"","ast-hfb-above-header-display":"","ast-hfb-below-header-display":"","ast-hfb-mobile-header-display":"","site-post-title":"","ast-breadcrumbs-content":"","ast-featured-img":"","footer-sml-layout":"","theme-transparent-header-meta":"default","adv-header-id-meta":"","stick-header-meta":"","header-above-stick-meta":"","header-main-stick-meta":"","header-below-stick-meta":""},"product_cat":[17],"product_tag":[],"aioseo_notices":[],"_links":{"self":[{"href":"https:\/\/mianlesax.com\/index.php\/wp-json\/wp\/v2\/product\/191"}],"collection":[{"href":"https:\/\/mianlesax.com\/index.php\/wp-json\/wp\/v2\/product"}],"about":[{"href":"https:\/\/mianlesax.com\/index.php\/wp-json\/wp\/v2\/types\/product"}],"replies":[{"embeddable":true,"href":"https:\/\/mianlesax.com\/index.php\/wp-json\/wp\/v2\/comments?post=191"}],"wp:featuredmedia":[{"embeddable":true,"href":"https:\/\/mianlesax.com\/index.php\/wp-json\/wp\/v2\/media\/201"}],"wp:attachment":[{"href":"https:\/\/mianlesax.com\/index.php\/wp-json\/wp\/v2\/media?parent=191"}],"wp:term":[{"taxonomy":"product_cat","embeddable":true,"href":"https:\/\/mianlesax.com\/index.php\/wp-json\/wp\/v2\/product_cat?post=191"},{"taxonomy":"product_tag","embeddable":true,"href":"https:\/\/mianlesax.com\/index.php\/wp-json\/wp\/v2\/product_tag?post=191"}],"curies":[{"name":"wp","href":"https:\/\/api.w.org\/{rel}","templated":true}]}}